{"id":5623,"date":"2023-04-02T07:26:09","date_gmt":"2023-04-02T07:26:09","guid":{"rendered":"https:\/\/wptf.themepul.co\/ecofine\/?page_id=18"},"modified":"2024-08-26T15:39:39","modified_gmt":"2024-08-26T15:39:39","slug":"kontakt","status":"publish","type":"page","link":"https:\/\/intertron.rs\/sr\/kontakt\/","title":{"rendered":"Kontakt"},"content":{"rendered":"\t\t<div data-elementor-type=\"wp-page\" data-elementor-id=\"5623\" class=\"elementor elementor-5623\">\n\t\t\t\t\t\t<section class=\"elementor-section elementor-top-section elementor-element elementor-element-a154309 elementor-section-boxed elementor-section-height-default elementor-section-height-default\" data-id=\"a154309\" data-element_type=\"section\">\n\t\t\t\t\t\t<div class=\"elementor-container elementor-column-gap-no\">\n\t\t\t\t\t<div class=\"elementor-column elementor-col-100 elementor-top-column elementor-element elementor-element-f636e07\" data-id=\"f636e07\" data-element_type=\"column\">\n\t\t\t<div class=\"elementor-widget-wrap elementor-element-populated\">\n\t\t\t\t\t\t<div class=\"elementor-element elementor-element-0f93e7c ct-title elementor-widget elementor-widget-ecofinecore_about\" data-id=\"0f93e7c\" data-element_type=\"widget\" data-widget_type=\"ecofinecore_about.default\">\n\t\t\t\t<div class=\"elementor-widget-container\">\n\t\t\t        <div class=\"about-section-wraper\">\n            <div class=\"container\">\n            <div class=\"about_content \">\n                <div class=\"about-item\">\n                                 <h2 class=\"about-title\"> Prodajno odeljenje: <\/h2>                                 <\/div>\n                                            <\/div>\n        <\/div>\n        <\/div>\n        \t\t<\/div>\n\t\t\t\t<\/div>\n\t\t\t\t<div class=\"elementor-element elementor-element-248aa9b elementor-widget elementor-widget-ECOFINE_contactInfo_list\" data-id=\"248aa9b\" data-element_type=\"widget\" data-widget_type=\"ECOFINE_contactInfo_list.default\">\n\t\t\t\t<div class=\"elementor-widget-container\">\n\t\t\t        <div class=\"eco-contact-info-wrapper\">\n            <div class=\"container\">\n\t\t\t\t<div class=\"row\">\n\t\t\t\t\t\t\t\t\t\t\t<div class=\"col-xl-4 col-lg-4 col-md-6 col-12\">\n\t\t\t\t\t\t\t<div class=\"eco-contact-info-item\">\n\t\t\t\t\t\t\t\t\t\t\t\t\t\t\t\t<div class=\"eco-contact-content\">\n\t\t\t\t\t\t\t\t\t\t\t\t\t\t\t\t\t\t\t<h4 class=\"eco-contact-title\">Milana Pavlov<\/h4>\n\t\t\t\t\t\t\t\t\t\t\t\t\t\t\t\t\t\t\t\t\t\t\t\t\t\t\t\t<div class=\"eco-contact-dec\"><p><a href=\"mailto:export@intertron.rs\">export@intertron.rs<\/a><\/p><\/div>\n\t\t\t\t\t\t\t\t\t\t\t\t\t\t\t\t\t<\/div>\n\t\t\t\t\t\t\t<\/div>\n\t\t\t\t\t\t<\/div>\n\t\t\t\t\t\t\t\t\t\t\t<div class=\"col-xl-4 col-lg-4 col-md-6 col-12\">\n\t\t\t\t\t\t\t<div class=\"eco-contact-info-item\">\n\t\t\t\t\t\t\t\t\t\t\t\t\t\t\t\t<div class=\"eco-contact-content\">\n\t\t\t\t\t\t\t\t\t\t\t\t\t\t\t\t\t\t\t<h4 class=\"eco-contact-title\">Branislava Petrovi\u0107<\/h4>\n\t\t\t\t\t\t\t\t\t\t\t\t\t\t\t\t\t\t\t\t\t\t\t\t\t\t\t\t<div class=\"eco-contact-dec\"><p><a href=\"mailto:branislavapetrovic@intertron.rs\" target=\"_blank\" rel=\"noopener noreferrer\">branislavapetrovic@intertron.rs<\/a><\/p><\/div>\n\t\t\t\t\t\t\t\t\t\t\t\t\t\t\t\t\t<\/div>\n\t\t\t\t\t\t\t<\/div>\n\t\t\t\t\t\t<\/div>\n\t\t\t\t\t\t\t\t\t\t\t<div class=\"col-xl-4 col-lg-4 col-md-6 col-12\">\n\t\t\t\t\t\t\t<div class=\"eco-contact-info-item\">\n\t\t\t\t\t\t\t\t\t\t\t\t\t\t\t\t<div class=\"eco-contact-content\">\n\t\t\t\t\t\t\t\t\t\t\t\t\t\t\t\t\t\t\t<h4 class=\"eco-contact-title\">Biljana \u017dajski<\/h4>\n\t\t\t\t\t\t\t\t\t\t\t\t\t\t\t\t\t\t\t\t\t\t\t\t\t\t\t\t<div class=\"eco-contact-dec\"><p><a href=\"mailto:biljanazajski@intertron.rs\" target=\"_blank\" rel=\"noopener noreferrer\">biljanazajski@intertron.rs<\/a><\/p><\/div>\n\t\t\t\t\t\t\t\t\t\t\t\t\t\t\t\t\t<\/div>\n\t\t\t\t\t\t\t<\/div>\n\t\t\t\t\t\t<\/div>\n\t\t\t\t\t\t\t\t\t<\/div>\n            <\/div>\n        <\/div>\n        \t\t<\/div>\n\t\t\t\t<\/div>\n\t\t\t\t\t<\/div>\n\t\t<\/div>\n\t\t\t\t\t<\/div>\n\t\t<\/section>\n\t\t\t\t<section class=\"elementor-section elementor-top-section elementor-element elementor-element-056c7a1 elementor-section-boxed elementor-section-height-default elementor-section-height-default\" data-id=\"056c7a1\" data-element_type=\"section\">\n\t\t\t\t\t\t<div class=\"elementor-container elementor-column-gap-no\">\n\t\t\t\t\t<div class=\"elementor-column elementor-col-33 elementor-top-column elementor-element elementor-element-f08c1e9\" data-id=\"f08c1e9\" data-element_type=\"column\">\n\t\t\t<div class=\"elementor-widget-wrap elementor-element-populated\">\n\t\t\t\t\t\t<div class=\"elementor-element elementor-element-39e0f19 ct-title elementor-widget elementor-widget-ecofinecore_about\" data-id=\"39e0f19\" data-element_type=\"widget\" data-widget_type=\"ecofinecore_about.default\">\n\t\t\t\t<div class=\"elementor-widget-container\">\n\t\t\t        <div class=\"about-section-wraper\">\n            <div class=\"container\">\n            <div class=\"about_content \">\n                <div class=\"about-item\">\n                                 <h2 class=\"about-title\"> Fakturno odeljenje:\n <\/h2>                                 <\/div>\n                                            <\/div>\n        <\/div>\n        <\/div>\n        \t\t<\/div>\n\t\t\t\t<\/div>\n\t\t\t\t<div class=\"elementor-element elementor-element-5704593 elementor-widget elementor-widget-ECOFINE_contactInfo_list\" data-id=\"5704593\" data-element_type=\"widget\" data-widget_type=\"ECOFINE_contactInfo_list.default\">\n\t\t\t\t<div class=\"elementor-widget-container\">\n\t\t\t        <div class=\"eco-contact-info-wrapper\">\n            <div class=\"container\">\n\t\t\t\t<div class=\"row\">\n\t\t\t\t\t\t\t\t\t\t\t<div class=\"col-xl-12 col-lg-12 col-md-12 col-12\">\n\t\t\t\t\t\t\t<div class=\"eco-contact-info-item\">\n\t\t\t\t\t\t\t\t\t\t\t\t\t\t\t\t<div class=\"eco-contact-content\">\n\t\t\t\t\t\t\t\t\t\t\t\t\t\t\t\t\t\t\t<h4 class=\"eco-contact-title\">Biljana Hi\u0161<\/h4>\n\t\t\t\t\t\t\t\t\t\t\t\t\t\t\t\t\t\t\t\t\t\t\t\t\t\t\t\t<div class=\"eco-contact-dec\"><p><a href=\"mailto:biljanahis@intertron.rs\" target=\"_blank\" rel=\"noopener noreferrer\">biljanahis@intertron.rs<\/a><\/p><\/div>\n\t\t\t\t\t\t\t\t\t\t\t\t\t\t\t\t\t<\/div>\n\t\t\t\t\t\t\t<\/div>\n\t\t\t\t\t\t<\/div>\n\t\t\t\t\t\t\t\t\t<\/div>\n            <\/div>\n        <\/div>\n        \t\t<\/div>\n\t\t\t\t<\/div>\n\t\t\t\t\t<\/div>\n\t\t<\/div>\n\t\t\t\t<div class=\"elementor-column elementor-col-33 elementor-top-column elementor-element elementor-element-5b5d1b7\" data-id=\"5b5d1b7\" data-element_type=\"column\">\n\t\t\t<div class=\"elementor-widget-wrap elementor-element-populated\">\n\t\t\t\t\t\t<div class=\"elementor-element elementor-element-a650578 ct-title elementor-widget elementor-widget-ecofinecore_about\" data-id=\"a650578\" data-element_type=\"widget\" data-widget_type=\"ecofinecore_about.default\">\n\t\t\t\t<div class=\"elementor-widget-container\">\n\t\t\t        <div class=\"about-section-wraper\">\n            <div class=\"container\">\n            <div class=\"about_content \">\n                <div class=\"about-item\">\n                                 <h2 class=\"about-title\"> Nabavka: <\/h2>                                 <\/div>\n                                            <\/div>\n        <\/div>\n        <\/div>\n        \t\t<\/div>\n\t\t\t\t<\/div>\n\t\t\t\t<div class=\"elementor-element elementor-element-1c9b5bc elementor-widget elementor-widget-ECOFINE_contactInfo_list\" data-id=\"1c9b5bc\" data-element_type=\"widget\" data-widget_type=\"ECOFINE_contactInfo_list.default\">\n\t\t\t\t<div class=\"elementor-widget-container\">\n\t\t\t        <div class=\"eco-contact-info-wrapper\">\n            <div class=\"container\">\n\t\t\t\t<div class=\"row\">\n\t\t\t\t\t\t\t\t\t\t\t<div class=\"col-xl-12 col-lg-12 col-md-12 col-12\">\n\t\t\t\t\t\t\t<div class=\"eco-contact-info-item\">\n\t\t\t\t\t\t\t\t\t\t\t\t\t\t\t\t<div class=\"eco-contact-content\">\n\t\t\t\t\t\t\t\t\t\t\t\t\t\t\t\t\t\t\t<h4 class=\"eco-contact-title\">Tatjana Batalo<\/h4>\n\t\t\t\t\t\t\t\t\t\t\t\t\t\t\t\t\t\t\t\t\t\t\t\t\t\t\t\t<div class=\"eco-contact-dec\"><p><a href=\"mailto:tbatalo@intertron.rs\" target=\"_blank\" rel=\"noopener noreferrer\">tbatalo@intertron.rs<\/a><\/p><\/div>\n\t\t\t\t\t\t\t\t\t\t\t\t\t\t\t\t\t<\/div>\n\t\t\t\t\t\t\t<\/div>\n\t\t\t\t\t\t<\/div>\n\t\t\t\t\t\t\t\t\t<\/div>\n            <\/div>\n        <\/div>\n        \t\t<\/div>\n\t\t\t\t<\/div>\n\t\t\t\t\t<\/div>\n\t\t<\/div>\n\t\t\t\t<div class=\"elementor-column elementor-col-33 elementor-top-column elementor-element elementor-element-85cbe32\" data-id=\"85cbe32\" data-element_type=\"column\">\n\t\t\t<div class=\"elementor-widget-wrap elementor-element-populated\">\n\t\t\t\t\t\t<div class=\"elementor-element elementor-element-ae1194d ct-title elementor-widget elementor-widget-ecofinecore_about\" data-id=\"ae1194d\" data-element_type=\"widget\" data-widget_type=\"ecofinecore_about.default\">\n\t\t\t\t<div class=\"elementor-widget-container\">\n\t\t\t        <div class=\"about-section-wraper\">\n            <div class=\"container\">\n            <div class=\"about_content \">\n                <div class=\"about-item\">\n                                 <h2 class=\"about-title\"> \u0160pedicija:\n <\/h2>                                 <\/div>\n                                            <\/div>\n        <\/div>\n        <\/div>\n        \t\t<\/div>\n\t\t\t\t<\/div>\n\t\t\t\t<div class=\"elementor-element elementor-element-a8c25a4 elementor-widget elementor-widget-ECOFINE_contactInfo_list\" data-id=\"a8c25a4\" data-element_type=\"widget\" data-widget_type=\"ECOFINE_contactInfo_list.default\">\n\t\t\t\t<div class=\"elementor-widget-container\">\n\t\t\t        <div class=\"eco-contact-info-wrapper\">\n            <div class=\"container\">\n\t\t\t\t<div class=\"row\">\n\t\t\t\t\t\t\t\t\t\t\t<div class=\"col-xl-12 col-lg-12 col-md-12 col-12\">\n\t\t\t\t\t\t\t<div class=\"eco-contact-info-item\">\n\t\t\t\t\t\t\t\t\t\t\t\t\t\t\t\t<div class=\"eco-contact-content\">\n\t\t\t\t\t\t\t\t\t\t\t\t\t\t\t\t\t\t\t<h4 class=\"eco-contact-title\">Mirko Stefanovi\u0107<\/h4>\n\t\t\t\t\t\t\t\t\t\t\t\t\t\t\t\t\t\t\t\t\t\t\t\t\t\t\t\t<div class=\"eco-contact-dec\"><p><a href=\"mailto:mirkostefanovic@intertron.rs\">mirkostefanovic@intertron.rs<\/a><\/p><\/div>\n\t\t\t\t\t\t\t\t\t\t\t\t\t\t\t\t\t<\/div>\n\t\t\t\t\t\t\t<\/div>\n\t\t\t\t\t\t<\/div>\n\t\t\t\t\t\t\t\t\t<\/div>\n            <\/div>\n        <\/div>\n        \t\t<\/div>\n\t\t\t\t<\/div>\n\t\t\t\t\t<\/div>\n\t\t<\/div>\n\t\t\t\t\t<\/div>\n\t\t<\/section>\n\t\t\t\t<section class=\"elementor-section elementor-top-section elementor-element elementor-element-b50b3d4 elementor-section-boxed elementor-section-height-default elementor-section-height-default\" data-id=\"b50b3d4\" data-element_type=\"section\">\n\t\t\t\t\t\t<div class=\"elementor-container elementor-column-gap-no\">\n\t\t\t\t\t<div class=\"elementor-column elementor-col-100 elementor-top-column elementor-element elementor-element-ff59dc5\" data-id=\"ff59dc5\" data-element_type=\"column\">\n\t\t\t<div class=\"elementor-widget-wrap elementor-element-populated\">\n\t\t\t\t\t\t<div class=\"elementor-element elementor-element-c013a6c elementor-widget elementor-widget-ECOFINE_contactInfo_list\" data-id=\"c013a6c\" data-element_type=\"widget\" data-widget_type=\"ECOFINE_contactInfo_list.default\">\n\t\t\t\t<div class=\"elementor-widget-container\">\n\t\t\t        <div class=\"eco-contact-info-wrapper\">\n            <div class=\"container\">\n\t\t\t\t<div class=\"row\">\n\t\t\t\t\t\t\t\t\t\t\t<div class=\"col-xl-4 col-lg-4 col-md-6 col-12\">\n\t\t\t\t\t\t\t<div class=\"eco-contact-info-item\">\n\t\t\t\t\t\t\t\t\t\t\t\t\t\t\t\t\t<div class=\"eco-contact-icon\">\n\t\t\t\t\t\t\t\t\t\t<i aria-hidden=\"true\" class=\"flaticon flaticon-email-1\"><\/i>\t\t\t\t\t\t\t\t\t<\/div>\n\t\t\t\t\t\t\t\t\t\t\t\t\t\t\t\t<div class=\"eco-contact-content\">\n\t\t\t\t\t\t\t\t\t\t\t\t\t\t\t\t\t\t\t<h4 class=\"eco-contact-title\">Kontakt informacije<\/h4>\n\t\t\t\t\t\t\t\t\t\t\t\t\t\t\t\t\t\t\t\t\t\t\t\t\t\t\t\t<div class=\"eco-contact-dec\"><div><a href=\"tel:+38113830460\">+381 13 83 04 60<\/a><\/div>\n<div><a href=\"tel:+38113839984\">+381 13 83 99 84<\/a><\/div>\n<a href=\"mailto:office@intertron.rs\">office@intertron.rs<\/a><\/div>\n\t\t\t\t\t\t\t\t\t\t\t\t\t\t\t\t\t<\/div>\n\t\t\t\t\t\t\t<\/div>\n\t\t\t\t\t\t<\/div>\n\t\t\t\t\t\t\t\t\t\t\t<div class=\"col-xl-4 col-lg-4 col-md-6 col-12\">\n\t\t\t\t\t\t\t<div class=\"eco-contact-info-item\">\n\t\t\t\t\t\t\t\t\t\t\t\t\t\t\t\t\t<div class=\"eco-contact-icon\">\n\t\t\t\t\t\t\t\t\t\t<svg xmlns=\"http:\/\/www.w3.org\/2000\/svg\" xmlns:xlink=\"http:\/\/www.w3.org\/1999\/xlink\" viewBox=\"0,0,256,256\" width=\"40px\" height=\"40px\"><g fill=\"#4baf47\" fill-rule=\"nonzero\" stroke=\"none\" stroke-width=\"1\" stroke-linecap=\"butt\" stroke-linejoin=\"miter\" stroke-miterlimit=\"10\" stroke-dasharray=\"\" stroke-dashoffset=\"0\" font-family=\"none\" font-weight=\"none\" font-size=\"none\" text-anchor=\"none\" style=\"mix-blend-mode: normal\"><g transform=\"scale(5.12,5.12)\"><path d=\"M25,2c-12.683,0 -23,10.317 -23,23c0,12.683 10.317,23 23,23c12.683,0 23,-10.317 23,-23c0,-12.683 -10.317,-23 -23,-23zM25,28c-0.462,0 -0.895,-0.113 -1.286,-0.3l-6.007,6.007c-0.195,0.195 -0.451,0.293 -0.707,0.293c-0.256,0 -0.512,-0.098 -0.707,-0.293c-0.391,-0.391 -0.391,-1.023 0,-1.414l6.007,-6.007c-0.187,-0.391 -0.3,-0.824 -0.3,-1.286c0,-1.304 0.837,-2.403 2,-2.816v-14.184c0,-0.553 0.447,-1 1,-1c0.553,0 1,0.447 1,1v14.184c1.163,0.413 2,1.512 2,2.816c0,1.657 -1.343,3 -3,3z\"><\/path><\/g><\/g><\/svg>\t\t\t\t\t\t\t\t\t<\/div>\n\t\t\t\t\t\t\t\t\t\t\t\t\t\t\t\t<div class=\"eco-contact-content\">\n\t\t\t\t\t\t\t\t\t\t\t\t\t\t\t\t\t\t\t<h4 class=\"eco-contact-title\">Radno vreme<\/h4>\n\t\t\t\t\t\t\t\t\t\t\t\t\t\t\t\t\t\t\t\t\t\t\t\t\t\t\t\t<div class=\"eco-contact-dec\">Ponedeljak - Petak<br>\nod 8h do 16h<\/div>\n\t\t\t\t\t\t\t\t\t\t\t\t\t\t\t\t\t<\/div>\n\t\t\t\t\t\t\t<\/div>\n\t\t\t\t\t\t<\/div>\n\t\t\t\t\t\t\t\t\t\t\t<div class=\"col-xl-4 col-lg-4 col-md-6 col-12\">\n\t\t\t\t\t\t\t<div class=\"eco-contact-info-item\">\n\t\t\t\t\t\t\t\t\t\t\t\t\t\t\t\t\t<div class=\"eco-contact-icon\">\n\t\t\t\t\t\t\t\t\t\t<i aria-hidden=\"true\" class=\"fas fa-map-marked-alt\"><\/i>\t\t\t\t\t\t\t\t\t<\/div>\n\t\t\t\t\t\t\t\t\t\t\t\t\t\t\t\t<div class=\"eco-contact-content\">\n\t\t\t\t\t\t\t\t\t\t\t\t\t\t\t\t\t\t\t<h4 class=\"eco-contact-title\">Lokacija<\/h4>\n\t\t\t\t\t\t\t\t\t\t\t\t\t\t\t\t\t\t\t\t\t\t\t\t\t\t\t\t<div class=\"eco-contact-dec\">Beogradski put 2, 26300 Vr\u0161ac, Srbija<\/div>\n\t\t\t\t\t\t\t\t\t\t\t\t\t\t\t\t\t<\/div>\n\t\t\t\t\t\t\t<\/div>\n\t\t\t\t\t\t<\/div>\n\t\t\t\t\t\t\t\t\t<\/div>\n            <\/div>\n        <\/div>\n        \t\t<\/div>\n\t\t\t\t<\/div>\n\t\t\t\t\t<\/div>\n\t\t<\/div>\n\t\t\t\t\t<\/div>\n\t\t<\/section>\n\t\t\t\t<section class=\"elementor-section elementor-top-section elementor-element elementor-element-27d90b7 elementor-section-boxed elementor-section-height-default elementor-section-height-default\" data-id=\"27d90b7\" data-element_type=\"section\">\n\t\t\t\t\t\t<div class=\"elementor-container elementor-column-gap-no\">\n\t\t\t\t\t<div class=\"elementor-column elementor-col-50 elementor-top-column elementor-element elementor-element-7b6bb2e\" data-id=\"7b6bb2e\" data-element_type=\"column\">\n\t\t\t<div class=\"elementor-widget-wrap elementor-element-populated\">\n\t\t\t\t\t\t<div class=\"elementor-element elementor-element-2befa30 elementor-widget elementor-widget-google_maps\" data-id=\"2befa30\" data-element_type=\"widget\" data-widget_type=\"google_maps.default\">\n\t\t\t\t<div class=\"elementor-widget-container\">\n\t\t\t<style>\/*! elementor - v3.22.0 - 26-06-2024 *\/\n.elementor-widget-google_maps .elementor-widget-container{overflow:hidden}.elementor-widget-google_maps .elementor-custom-embed{line-height:0}.elementor-widget-google_maps iframe{height:300px}<\/style>\t\t<div class=\"elementor-custom-embed\">\n\t\t\t<iframe loading=\"lazy\"\n\t\t\t\t\tsrc=\"https:\/\/maps.google.com\/maps?q=Beogradski%20put%202%2C%2026300%20Vr%C5%A1ac%2C%20Serbia&#038;t=m&#038;z=10&#038;output=embed&#038;iwloc=near\"\n\t\t\t\t\ttitle=\"Beogradski put 2, 26300 Vr\u0161ac, Serbia\"\n\t\t\t\t\taria-label=\"Beogradski put 2, 26300 Vr\u0161ac, Serbia\"\n\t\t\t><\/iframe>\n\t\t<\/div>\n\t\t\t\t<\/div>\n\t\t\t\t<\/div>\n\t\t\t\t\t<\/div>\n\t\t<\/div>\n\t\t\t\t<div class=\"elementor-column elementor-col-50 elementor-top-column elementor-element elementor-element-43f9d11\" data-id=\"43f9d11\" data-element_type=\"column\">\n\t\t\t<div class=\"elementor-widget-wrap elementor-element-populated\">\n\t\t\t\t\t\t<div class=\"elementor-element elementor-element-817f491 elementor-widget elementor-widget-ecofinecore_about\" data-id=\"817f491\" data-element_type=\"widget\" data-widget_type=\"ecofinecore_about.default\">\n\t\t\t\t<div class=\"elementor-widget-container\">\n\t\t\t        <div class=\"about-section-wraper\">\n            <div class=\"container\">\n            <div class=\"about_content \">\n                <div class=\"about-item\">\n                                 <h2 class=\"about-title\"> Da li imate bilo kakvo pitanje? <\/h2>                  <div class=\"about-des\"> Popunite formular kako bismo zajedno stvorili ambala\u017eu koja \u0107e odgovoriti na va\u0161e \u017eelje i potrebe. Va\u0161e zadovoljstvo je na\u0161a inspiracija! <\/div>                <\/div>\n                                            <\/div>\n        <\/div>\n        <\/div>\n        \t\t<\/div>\n\t\t\t\t<\/div>\n\t\t\t\t<div class=\"elementor-element elementor-element-66fa6f4 elementor-widget elementor-widget-ECOFINE_ctf7\" data-id=\"66fa6f4\" data-element_type=\"widget\" data-widget_type=\"ECOFINE_ctf7.default\">\n\t\t\t\t<div class=\"elementor-widget-container\">\n\t\t\t        <div class=\"Ecofine-ctf7s-wrapper\">\n        \n<div class=\"wpcf7 no-js\" id=\"wpcf7-f2862-o1\" lang=\"en-US\" dir=\"ltr\">\n<div class=\"screen-reader-response\"><p role=\"status\" aria-live=\"polite\" aria-atomic=\"true\"><\/p> <ul><\/ul><\/div>\n<form action=\"\/sr\/wp-json\/wp\/v2\/pages\/5623#wpcf7-f2862-o1\" method=\"post\" class=\"wpcf7-form init\" aria-label=\"Contact form\" novalidate=\"novalidate\" data-status=\"init\">\n<div style=\"display: none;\">\n<input type=\"hidden\" name=\"_wpcf7\" value=\"2862\" \/>\n<input type=\"hidden\" name=\"_wpcf7_version\" value=\"5.9.6\" \/>\n<input type=\"hidden\" name=\"_wpcf7_locale\" value=\"en_US\" \/>\n<input type=\"hidden\" name=\"_wpcf7_unit_tag\" value=\"wpcf7-f2862-o1\" \/>\n<input type=\"hidden\" name=\"_wpcf7_container_post\" value=\"0\" \/>\n<input type=\"hidden\" name=\"_wpcf7_posted_data_hash\" value=\"\" \/>\n<input type=\"hidden\" name=\"_wpcf7_recaptcha_response\" value=\"\" \/>\n<\/div>\n<div class=\"eco-contact-from-two-wrappwr\">\n    <div class=\"container\">\n        <div class=\"row\">\n            <div class=\"col-lg-6 col-md-6 col-12\">\n                <div class=\"eco-input-area\">\n                    <span class=\"wpcf7-form-control-wrap\" data-name=\"your-name\"><input size=\"40\" maxlength=\"80\" class=\"wpcf7-form-control wpcf7-text wpcf7-validates-as-required\" aria-required=\"true\" aria-invalid=\"false\" placeholder=\"Va\u0161e ime\" value=\"\" type=\"text\" name=\"your-name\" \/><\/span>\n                <\/div>\n            <\/div>\n            <div class=\"col-lg-6 col-md-6 col-12\">\n                <div class=\"eco-input-area\">\n                    <span class=\"wpcf7-form-control-wrap\" data-name=\"your-email\"><input size=\"40\" maxlength=\"80\" class=\"wpcf7-form-control wpcf7-email wpcf7-validates-as-required wpcf7-text wpcf7-validates-as-email\" aria-required=\"true\" aria-invalid=\"false\" placeholder=\"Email Adresa\" value=\"\" type=\"email\" name=\"your-email\" \/><\/span>\n                <\/div>\n            <\/div>\n                    <div class=\"col-lg-6 col-md-6 col-12\">\n                <div class=\"eco-input-area\">\n                                    <span class=\"wpcf7-form-control-wrap\" data-name=\"your-phone\"><input size=\"40\" maxlength=\"80\" class=\"wpcf7-form-control wpcf7-tel wpcf7-text wpcf7-validates-as-tel\" aria-invalid=\"false\" placeholder=\"Broj telefona\" value=\"\" type=\"tel\" name=\"your-phone\" \/><\/span>\n                <\/div>\n            <\/div>\n            <div class=\"col-lg-6 col-md-6 col-12\">\n                <div class=\"eco-input-area\">\n                    <span class=\"wpcf7-form-control-wrap\" data-name=\"your-subject\"><input size=\"40\" maxlength=\"80\" class=\"wpcf7-form-control wpcf7-text wpcf7-validates-as-required\" aria-required=\"true\" aria-invalid=\"false\" placeholder=\"Tema\" value=\"\" type=\"text\" name=\"your-subject\" \/><\/span>\n                <\/div>\n            <\/div>\n                   <div class=\"col-lg-12 col-md-12 col-12\">\n                <div class=\"eco-input-area\">\n                    <span class=\"wpcf7-form-control-wrap\" data-name=\"your-service\"><input size=\"40\" maxlength=\"80\" class=\"wpcf7-form-control wpcf7-text wpcf7-validates-as-required\" aria-required=\"true\" aria-invalid=\"false\" placeholder=\"Usluga\" value=\"\" type=\"text\" name=\"your-service\" \/><\/span>\n                <\/div>\n            <\/div>\n            <div class=\"col-lg-12 col-md-12 col-12\">\n                <div class=\"eco-input-area message\">\n                    <span class=\"wpcf7-form-control-wrap\" data-name=\"your-message\"><textarea cols=\"10\" rows=\"5\" maxlength=\"400\" class=\"wpcf7-form-control wpcf7-textarea\" aria-invalid=\"false\" placeholder=\"Va\u0161a poruka\" name=\"your-message\"><\/textarea><\/span>\n                <\/div>\n                <div class=\"eco-contact-button button\">\n                    <input class=\"wpcf7-form-control wpcf7-submit has-spinner blob-btn\" type=\"submit\" value=\"Po\u0161aljite\" \/>\n                <\/div>\n            <\/div>\n<div style=\"margin-top: 20px;\"><span class=\"wpcf7-form-control-wrap recaptcha\" data-name=\"recaptcha\"><span data-sitekey=\"6Ld2fgYqAAAAAFx-21NDdWMwWY812pdVNH1v-NcZ\" class=\"wpcf7-form-control wpcf7-recaptcha g-recaptcha\"><\/span>\r\n<noscript>\r\n\t<div class=\"grecaptcha-noscript\">\r\n\t\t<iframe src=\"https:\/\/www.google.com\/recaptcha\/api\/fallback?k=6Ld2fgYqAAAAAFx-21NDdWMwWY812pdVNH1v-NcZ\" frameborder=\"0\" scrolling=\"no\" width=\"310\" height=\"430\">\r\n\t\t<\/iframe>\r\n\t\t<textarea name=\"g-recaptcha-response\" rows=\"3\" cols=\"40\" placeholder=\"reCaptcha Response Here\">\r\n\t\t<\/textarea>\r\n\t<\/div>\r\n<\/noscript>\r\n<\/span><\/div>\n        <\/div>\n    <\/div>\n    <\/div><div class=\"wpcf7-response-output\" aria-hidden=\"true\"><\/div>\n<\/form>\n<\/div>\n        <\/div>\n        \t\t<\/div>\n\t\t\t\t<\/div>\n\t\t\t\t\t<\/div>\n\t\t<\/div>\n\t\t\t\t\t<\/div>\n\t\t<\/section>\n\t\t\t\t<\/div>\n\t\t","protected":false},"excerpt":{"rendered":"<p>Prodajno odeljenje: Milana Pavlov export@intertron.rs Branislava Petrovi\u0107 branislavapetrovic@intertron.rs Biljana \u017dajski biljanazajski@intertron.rs Fakturno odeljenje: Biljana Hi\u0161 biljanahis@intertron.rs Nabavka: Tatjana Batalo tbatalo@intertron.rs \u0160pedicija: Mirko Stefanovi\u0107 mirkostefanovic@intertron.rs Kontakt informacije +381 13 83 04 60 +381 13 83 99 84 office@intertron.rs Radno vreme Ponedeljak &#8211; Petak od 8h do 16h Lokacija Beogradski put 2, 26300 Vr\u0161ac, Srbija Da li [&hellip;]<\/p>\n","protected":false},"author":1,"featured_media":0,"parent":0,"menu_order":0,"comment_status":"closed","ping_status":"closed","template":"","meta":{"footnotes":""},"class_list":["post-5623","page","type-page","status-publish","hentry"],"_links":{"self":[{"href":"https:\/\/intertron.rs\/sr\/wp-json\/wp\/v2\/pages\/5623","targetHints":{"allow":["GET"]}}],"collection":[{"href":"https:\/\/intertron.rs\/sr\/wp-json\/wp\/v2\/pages"}],"about":[{"href":"https:\/\/intertron.rs\/sr\/wp-json\/wp\/v2\/types\/page"}],"author":[{"embeddable":true,"href":"https:\/\/intertron.rs\/sr\/wp-json\/wp\/v2\/users\/1"}],"replies":[{"embeddable":true,"href":"https:\/\/intertron.rs\/sr\/wp-json\/wp\/v2\/comments?post=5623"}],"version-history":[{"count":13,"href":"https:\/\/intertron.rs\/sr\/wp-json\/wp\/v2\/pages\/5623\/revisions"}],"predecessor-version":[{"id":8727,"href":"https:\/\/intertron.rs\/sr\/wp-json\/wp\/v2\/pages\/5623\/revisions\/8727"}],"wp:attachment":[{"href":"https:\/\/intertron.rs\/sr\/wp-json\/wp\/v2\/media?parent=5623"}],"curies":[{"name":"wp","href":"https:\/\/api.w.org\/{rel}","templated":true}]}}